{"id":647,"date":"2016-08-18T19:36:25","date_gmt":"2016-08-18T19:36:25","guid":{"rendered":"https:\/\/www.heartist.ch\/?page_id=647"},"modified":"2016-08-31T20:23:10","modified_gmt":"2016-08-31T20:23:10","slug":"humour","status":"publish","type":"page","link":"https:\/\/www.heartist.ch\/?page_id=647","title":{"rendered":"humour"},"content":{"rendered":"<p>[et_pb_section admin_label=&#187;section&#187; background_image=&#187;https:\/\/www.heartist.ch\/wp-content\/uploads\/2016\/08\/hea_section3_bg.jpg&#187; transparent_background=&#187;off&#187; allow_player_pause=&#187;off&#187; inner_shadow=&#187;off&#187; parallax=&#187;on&#187; parallax_method=&#187;off&#187; padding_mobile=&#187;off&#187; make_fullwidth=&#187;off&#187; use_custom_width=&#187;off&#187; width_unit=&#187;on&#187; make_equal=&#187;off&#187; use_custom_gutter=&#187;off&#187; background_color=&#187;rgba(255,255,255,0.51)&#187;][et_pb_row admin_label=&#187;row&#187; make_fullwidth=&#187;off&#187; use_custom_width=&#187;off&#187; width_unit=&#187;on&#187; use_custom_gutter=&#187;off&#187; gutter_width=&#187;5&#8243; custom_padding=&#187;10px|10px|10px|10px&#187; padding_mobile=&#187;off&#187; allow_player_pause=&#187;off&#187; parallax=&#187;on&#187; parallax_method=&#187;off&#187; make_equal=&#187;off&#187; parallax_1=&#187;off&#187; parallax_method_1=&#187;off&#187; parallax_2=&#187;off&#187; parallax_method_2=&#187;off&#187; column_padding_mobile=&#187;on&#187; custom_margin=&#187;|20px||&#187;][et_pb_column type=&#187;1_3&#8243;][et_pb_text admin_label=&#187;Text&#187; background_layout=&#187;dark&#187; text_orientation=&#187;left&#187; background_color=&#187;rgba(22,15,0,0.6)&#187; use_border_color=&#187;off&#187; border_color=&#187;#ffffff&#187; border_style=&#187;solid&#187; custom_margin=&#187;0px|25px|0px|10px&#187; custom_padding=&#187;10px|10px|10px|10px&#187; text_line_height=&#187;1.4em&#187; background_image=&#187; &#187; text_letter_spacing=&#187;2px&#187;]<\/p>\n<blockquote><p><strong>Ausschnitt \u201eTag der Chancengleichheit\u201c<\/strong><\/p><\/blockquote>\n<p>&#8211; 150 Jahre ETH Eidgen\u00f6ssisch Technische Hochschule Z\u00fcrich<br \/>\nProfessor Schanze (schwarzer Anzug, mit Babytrage auf Bauch):<br \/>\n\u201eWillkommen zum Tag der Schanzen-Schleichheit \u00e4hh..gleichheit! Wie sie sehen, musste auch ich heute meine Chance als Professor und Vater gleich packen. Heute ist der 3. Tag dieser Festwoche, und bekanntlich ist der 3. Tag ja oft ein Krisentag&#8230;.<br \/>\n-U\u00e4\u00e4\u00e4\u00e4hhhhhh!&#8230;Pssssssssssst! Sch\u00e4tzeli, nei nei dr Papa het kei Krise!-<br \/>\nDieser Tag der Schanzenreichweite, \u00e4hh Chancenbleichheit ist mitten in der Woche, quasi im Sandwhich&#8230;<br \/>\n-Papa!&#8230;PSSSSSSST! nid jetz M\u00fcsli!!-<br \/>\n&#8230;.was ja nicht ganz unpassend zum Thema der Chancengleichheit und Familienfreund&#8230;<br \/>\n-PAPAAAAAAAAAAAAAA!!! -Jetzt sei endlich ruhig!!!\u00a8!<br \/>\n&#8230;freundlichkeit ist! Vielleicht hat man ihr deshalb ganz nobel die Nobelpreis&#8230;.<br \/>\n-(schnuppert) Igitt. Hier schmeckt\u2019s komisch&#8230;-<\/p>\n<p>&#8230;\u00e4h zum Preis des Nobeltums \u00e4h..auf die Seite gestellt. Vielleicht wollte man ihr auch nicht die volle B\u00fcrde auflasten, der Chancenbleichheit, pardon -gleichheit, so einen ganzen Tag zu schmeissen. Oder war es das Bedenken, ob die Spitzenleute aus Forschung und Wirtschaft sich damit besch\u00e4ftigen wollen&#8230;?<\/p>\n<p>Oh nei,- jetzt hesch au no in\u2019d Windle gmacht!!!!<\/p>\n<p>[\/et_pb_text][\/et_pb_column][et_pb_column type=&#187;2_3&#8243;][et_pb_gallery admin_label=&#187;Gallery&#187; gallery_ids=&#187;805,808,809,806,807,810,804,811&#8243; fullwidth=&#187;off&#187; show_title_and_caption=&#187;off&#187; show_pagination=&#187;off&#187; background_layout=&#187;dark&#187; auto=&#187;off&#187; hover_overlay_color=&#187;rgba(224,153,0,0.5)&#187; caption_all_caps=&#187;off&#187; use_border_color=&#187;off&#187; border_color=&#187;#ffffff&#187; border_style=&#187;solid&#187; hover_icon=&#187;%%51%%&#187; posts_number=&#187;8&#8243;] [\/et_pb_gallery][\/et_pb_column][\/et_pb_row][\/et_pb_section]<\/p>\n","protected":false},"excerpt":{"rendered":"<p>Ausschnitt \u201eTag der Chancengleichheit\u201c &#8211; 150 Jahre ETH Eidgen\u00f6ssisch Technische Hochschule Z\u00fcrich Professor Schanze (schwarzer Anzug, mit Babytrage auf Bauch): \u201eWillkommen zum Tag der Schanzen-Schleichheit \u00e4hh..gleichheit! Wie sie sehen, musste auch ich heute meine Chance als Professor und Vater gleich packen. Heute ist der 3. Tag dieser Festwoche, und bekanntlich ist der 3. Tag ja [&hellip;]<\/p>\n","protected":false},"author":1,"featured_media":0,"parent":0,"menu_order":0,"comment_status":"closed","ping_status":"closed","template":"","meta":{"_et_pb_use_builder":"on","_et_pb_old_content":"","_et_gb_content_width":"","footnotes":""},"class_list":["post-647","page","type-page","status-publish","hentry"],"_links":{"self":[{"href":"https:\/\/www.heartist.ch\/index.php?rest_route=\/wp\/v2\/pages\/647","targetHints":{"allow":["GET"]}}],"collection":[{"href":"https:\/\/www.heartist.ch\/index.php?rest_route=\/wp\/v2\/pages"}],"about":[{"href":"https:\/\/www.heartist.ch\/index.php?rest_route=\/wp\/v2\/types\/page"}],"author":[{"embeddable":true,"href":"https:\/\/www.heartist.ch\/index.php?rest_route=\/wp\/v2\/users\/1"}],"replies":[{"embeddable":true,"href":"https:\/\/www.heartist.ch\/index.php?rest_route=%2Fwp%2Fv2%2Fcomments&post=647"}],"version-history":[{"count":17,"href":"https:\/\/www.heartist.ch\/index.php?rest_route=\/wp\/v2\/pages\/647\/revisions"}],"predecessor-version":[{"id":981,"href":"https:\/\/www.heartist.ch\/index.php?rest_route=\/wp\/v2\/pages\/647\/revisions\/981"}],"wp:attachment":[{"href":"https:\/\/www.heartist.ch\/index.php?rest_route=%2Fwp%2Fv2%2Fmedia&parent=647"}],"curies":[{"name":"wp","href":"https:\/\/api.w.org\/{rel}","templated":true}]}}