{"id":654,"date":"2016-08-18T19:51:51","date_gmt":"2016-08-18T19:51:51","guid":{"rendered":"https:\/\/www.heartist.ch\/?page_id=654"},"modified":"2016-08-29T11:09:50","modified_gmt":"2016-08-29T11:09:50","slug":"theatre","status":"publish","type":"page","link":"https:\/\/www.heartist.ch\/?page_id=654","title":{"rendered":"abunDance"},"content":{"rendered":"<p>[et_pb_section admin_label=&#187;section&#187; background_image=&#187;https:\/\/www.heartist.ch\/wp-content\/uploads\/2016\/08\/abundance-bg.jpg&#187; transparent_background=&#187;off&#187; allow_player_pause=&#187;off&#187; inner_shadow=&#187;off&#187; parallax=&#187;on&#187; parallax_method=&#187;off&#187; padding_mobile=&#187;off&#187; make_fullwidth=&#187;off&#187; use_custom_width=&#187;off&#187; width_unit=&#187;on&#187; make_equal=&#187;off&#187; use_custom_gutter=&#187;off&#187; background_color=&#187;rgba(255,255,255,0.51)&#187;][et_pb_row admin_label=&#187;row&#187; make_fullwidth=&#187;off&#187; use_custom_width=&#187;off&#187; width_unit=&#187;on&#187; use_custom_gutter=&#187;off&#187; gutter_width=&#187;5&#8243; custom_padding=&#187;10px|10px|10px|10px&#187; padding_mobile=&#187;off&#187; allow_player_pause=&#187;off&#187; parallax=&#187;on&#187; parallax_method=&#187;off&#187; make_equal=&#187;off&#187; parallax_1=&#187;off&#187; parallax_method_1=&#187;off&#187; parallax_2=&#187;off&#187; parallax_method_2=&#187;off&#187; column_padding_mobile=&#187;on&#187; custom_margin=&#187;|20px||&#187;][et_pb_column type=&#187;1_4&#8243;][et_pb_text admin_label=&#187;Text&#187; background_layout=&#187;dark&#187; text_orientation=&#187;justified&#187; background_color=&#187;rgba(170,76,0,0.9)&#187; use_border_color=&#187;off&#187; border_color=&#187;#ffffff&#187; border_style=&#187;solid&#187; custom_margin=&#187;0px|25px|0px|10px&#187; custom_padding=&#187;10px|10px|750px|10px&#187; text_line_height=&#187;1.4em&#187; background_image=&#187; &#187; text_font_size=&#187;18&#8243;]<\/p>\n<p><strong>Der K\u00f6rper ist das wunderbarste aller Instrumente.<\/strong> <\/p>\n<p>Tanzen und Singen sind die \u00e4ltesten Formen des menschlichen Ausdrucks, bei denen der K\u00f6rper als Resonanzraum dient. Auf eine sehr unmittelbare und ehrliche Art und Weise, die \u00fcber Bilder und Empfindungen direkt das Unbewusste anspricht.<br \/>\nDurchl\u00e4ssig werden, verwurzelt, flexibel werden, damit wir \u00fcber uns hinauswachsen k\u00f6nnen&#8230;<\/p>\n<p>[\/et_pb_text][\/et_pb_column][et_pb_column type=&#187;1_2&#8243;][et_pb_gallery admin_label=&#187;Gallery&#187; gallery_ids=&#187;828,829,831,832,833,834,835,836,837,838,830,839&#8243; fullwidth=&#187;off&#187; show_title_and_caption=&#187;off&#187; show_pagination=&#187;off&#187; background_layout=&#187;dark&#187; auto=&#187;off&#187; hover_overlay_color=&#187;rgba(224,153,0,0.5)&#187; caption_all_caps=&#187;off&#187; use_border_color=&#187;off&#187; border_color=&#187;#ffffff&#187; border_style=&#187;solid&#187; posts_number=&#187;12&#8243;]<\/p>\n<p>[\/et_pb_gallery][\/et_pb_column][et_pb_column type=&#187;1_4&#8243;][\/et_pb_column][\/et_pb_row][\/et_pb_section]<\/p>\n","protected":false},"excerpt":{"rendered":"<p>Der K\u00f6rper ist das wunderbarste aller Instrumente. Tanzen und Singen sind die \u00e4ltesten Formen des menschlichen Ausdrucks, bei denen der K\u00f6rper als Resonanzraum dient. Auf eine sehr unmittelbare und ehrliche Art und Weise, die \u00fcber Bilder und Empfindungen direkt das Unbewusste anspricht. Durchl\u00e4ssig werden, verwurzelt, flexibel werden, damit wir \u00fcber uns hinauswachsen k\u00f6nnen&#8230;<\/p>\n","protected":false},"author":1,"featured_media":0,"parent":0,"menu_order":0,"comment_status":"closed","ping_status":"closed","template":"","meta":{"_et_pb_use_builder":"on","_et_pb_old_content":"","_et_gb_content_width":"","footnotes":""},"class_list":["post-654","page","type-page","status-publish","hentry"],"_links":{"self":[{"href":"https:\/\/www.heartist.ch\/index.php?rest_route=\/wp\/v2\/pages\/654","targetHints":{"allow":["GET"]}}],"collection":[{"href":"https:\/\/www.heartist.ch\/index.php?rest_route=\/wp\/v2\/pages"}],"about":[{"href":"https:\/\/www.heartist.ch\/index.php?rest_route=\/wp\/v2\/types\/page"}],"author":[{"embeddable":true,"href":"https:\/\/www.heartist.ch\/index.php?rest_route=\/wp\/v2\/users\/1"}],"replies":[{"embeddable":true,"href":"https:\/\/www.heartist.ch\/index.php?rest_route=%2Fwp%2Fv2%2Fcomments&post=654"}],"version-history":[{"count":8,"href":"https:\/\/www.heartist.ch\/index.php?rest_route=\/wp\/v2\/pages\/654\/revisions"}],"predecessor-version":[{"id":845,"href":"https:\/\/www.heartist.ch\/index.php?rest_route=\/wp\/v2\/pages\/654\/revisions\/845"}],"wp:attachment":[{"href":"https:\/\/www.heartist.ch\/index.php?rest_route=%2Fwp%2Fv2%2Fmedia&parent=654"}],"curies":[{"name":"wp","href":"https:\/\/api.w.org\/{rel}","templated":true}]}}