{"id":676,"date":"2016-08-19T07:27:35","date_gmt":"2016-08-19T07:27:35","guid":{"rendered":"https:\/\/www.heartist.ch\/?page_id=676"},"modified":"2016-08-31T20:41:05","modified_gmt":"2016-08-31T20:41:05","slug":"vita","status":"publish","type":"page","link":"https:\/\/www.heartist.ch\/?page_id=676","title":{"rendered":"Credo"},"content":{"rendered":"<p>[et_pb_section admin_label=&#187;Section&#187; fullwidth=&#187;off&#187; specialty=&#187;off&#187; background_image=&#187;https:\/\/www.heartist.ch\/wp-content\/uploads\/2016\/07\/hea_cp1_bg.jpg&#187; transparent_background=&#187;off&#187; background_color=&#187;#ffffff&#187; allow_player_pause=&#187;off&#187; inner_shadow=&#187;off&#187; parallax=&#187;off&#187; parallax_method=&#187;off&#187; padding_mobile=&#187;off&#187; make_fullwidth=&#187;off&#187; use_custom_width=&#187;off&#187; width_unit=&#187;on&#187; make_equal=&#187;off&#187; use_custom_gutter=&#187;off&#187;][et_pb_row admin_label=&#187;Row&#187;][et_pb_column type=&#187;1_3&#8243;][\/et_pb_column][et_pb_column type=&#187;1_3&#8243;][\/et_pb_column][et_pb_column type=&#187;1_3&#8243;][et_pb_text admin_label=&#187;Text&#187; background_layout=&#187;dark&#187; text_orientation=&#187;left&#187; use_border_color=&#187;off&#187; border_color=&#187;#ffffff&#187; border_style=&#187;solid&#187; text_line_height=&#187;1em&#187; custom_margin=&#187;10px|10px|500px|10px&#187; custom_padding=&#187;10px|10px|250px|10px&#187; background_color=&#187;rgba(153,173,86,0.9)&#187; text_font_size=&#187;18&#8243;]<\/p>\n<p><img loading=\"lazy\" decoding=\"async\" class=\"aligncenter wp-image-969 size-full\" src=\"https:\/\/www.heartist.ch\/wp-content\/uploads\/2016\/08\/credo.jpg\" alt=\"credo\" width=\"1080\" height=\"760\" srcset=\"https:\/\/www.heartist.ch\/wp-content\/uploads\/2016\/08\/credo.jpg 1080w, https:\/\/www.heartist.ch\/wp-content\/uploads\/2016\/08\/credo-300x211.jpg 300w, https:\/\/www.heartist.ch\/wp-content\/uploads\/2016\/08\/credo-768x540.jpg 768w, https:\/\/www.heartist.ch\/wp-content\/uploads\/2016\/08\/credo-1024x721.jpg 1024w\" sizes=\"auto, (max-width: 1080px) 100vw, 1080px\" \/><img loading=\"lazy\" decoding=\"async\" class=\"size-medium wp-image-933 aligncenter\" src=\"https:\/\/www.heartist.ch\/wp-content\/uploads\/2016\/08\/pos_lp_logo-03-300x150.png\" alt=\"pos_lp_logo-03\" height=\"150\" width=\"300\" srcset=\"https:\/\/www.heartist.ch\/wp-content\/uploads\/2016\/08\/pos_lp_logo-03-300x150.png 300w, https:\/\/www.heartist.ch\/wp-content\/uploads\/2016\/08\/pos_lp_logo-03.png 500w\" sizes=\"auto, (max-width: 300px) 100vw, 300px\" \/><\/p>\n<p>Geboren und aufgewachsen in S\u00fcdtirol, wo sich Nord und S\u00fcd, Kultur und \u00fcppige Natur, Alpen- und mediterrane Region begegnen.<br \/>\nDiese F\u00fclle hat auch meine eigene Vielschichtigkeit beeinflusst: am Anfang meiner Ausbildungen stand der Vorkurs der Hochschule f\u00fcr Gestaltung und Kunst in Basel. Ausgebildet als Schauspielerin an der Z\u00fcrcher Hochschule der K\u00fcnste und der Accademia Teatro Dimitri einerseits und als Lehrerin andererseits begleiteten mich die darstellenden K\u00fcnste und die (Heil-)P\u00e4dagogik \u00fcber verschiedene Stationen, wie auch die Liebe zur Sprache, zum Singen\/ Songwriten und Tanzen. Und wenn Bewegung und Ton verstummen&#8230;- bleiben noch Bleistift und Pinsel zum Gestalten.<\/p>\n<p>KREATIVIT\u00c4T IST UNSERE WAHRE NATUR<br \/>\nWir bewegen uns im Alltag meistens auf eingespurten Bahnen, \u201efunktionieren\u201c in bestimmten Mustern, haben uns eingerichtet in einer vermeintlichen Sicherheit aus Gewohnheiten und Vorstellungen.<br \/>\nIn diesem \u201enormalen\u201c Zustand  nutzen wir jedoch nur ungef\u00e4hr 10% unserer M\u00f6glichkeiten.<br \/>\nDie Kunst der Kreativit\u00e4t ist ein machtvolles Mittel, um unseren Horizont zu \u00f6ffnen.<br \/>\nDas Spiel, sei es im Theaterspiel, wie auch im Spiel mit W\u00f6rtern, Musik und Bewegung, erm\u00f6glicht ein Eintauchen in einen anderen, konzentrierten Zustand,- in erweiterte Bewusstseinszust\u00e4nde. In diesem Spiel-Raum haben wir Zugang zu einer unersch\u00f6pflichen Quelle an Phantasie, Kreativit\u00e4t, Inspiration und Sch\u00f6pferkraft- Zugriff auf unsere volle Power.<br \/>\nK\u00fcnstler k\u00f6nnen in diesem Sinne Forscher und Spurenleger sein f\u00fcr Eingebung, Perspektivenwechsel, Transformation, Gestaltung und Kommunikation.<br \/>\nAber jeder von uns hat eine ganz spezielle Farbe, einen unverwechselbaren Ton, einen Mosaikstein ohne den das Ganze nicht vollst\u00e4ndig ist. Wir brauchen heute dringend den ganz eigenen Beitrag, die Ideen und Kreativit\u00e4t jedes Einzelnen!<br \/>\nMeine Leidenschaft ist es, diese Potentiale bei uns herauszukitzeln&#8230;<\/p>\n<p>[\/et_pb_text][\/et_pb_column][\/et_pb_row][\/et_pb_section]<\/p>\n","protected":false},"excerpt":{"rendered":"<p>Geboren und aufgewachsen in S\u00fcdtirol, wo sich Nord und S\u00fcd, Kultur und \u00fcppige Natur, Alpen- und mediterrane Region begegnen. Diese F\u00fclle hat auch meine eigene Vielschichtigkeit beeinflusst: am Anfang meiner Ausbildungen stand der Vorkurs der Hochschule f\u00fcr Gestaltung und Kunst in Basel. Ausgebildet als Schauspielerin an der Z\u00fcrcher Hochschule der K\u00fcnste und der Accademia Teatro [&hellip;]<\/p>\n","protected":false},"author":1,"featured_media":0,"parent":0,"menu_order":0,"comment_status":"closed","ping_status":"closed","template":"","meta":{"_et_pb_use_builder":"on","_et_pb_old_content":"","_et_gb_content_width":"","footnotes":""},"class_list":["post-676","page","type-page","status-publish","hentry"],"_links":{"self":[{"href":"https:\/\/www.heartist.ch\/index.php?rest_route=\/wp\/v2\/pages\/676","targetHints":{"allow":["GET"]}}],"collection":[{"href":"https:\/\/www.heartist.ch\/index.php?rest_route=\/wp\/v2\/pages"}],"about":[{"href":"https:\/\/www.heartist.ch\/index.php?rest_route=\/wp\/v2\/types\/page"}],"author":[{"embeddable":true,"href":"https:\/\/www.heartist.ch\/index.php?rest_route=\/wp\/v2\/users\/1"}],"replies":[{"embeddable":true,"href":"https:\/\/www.heartist.ch\/index.php?rest_route=%2Fwp%2Fv2%2Fcomments&post=676"}],"version-history":[{"count":10,"href":"https:\/\/www.heartist.ch\/index.php?rest_route=\/wp\/v2\/pages\/676\/revisions"}],"predecessor-version":[{"id":982,"href":"https:\/\/www.heartist.ch\/index.php?rest_route=\/wp\/v2\/pages\/676\/revisions\/982"}],"wp:attachment":[{"href":"https:\/\/www.heartist.ch\/index.php?rest_route=%2Fwp%2Fv2%2Fmedia&parent=676"}],"curies":[{"name":"wp","href":"https:\/\/api.w.org\/{rel}","templated":true}]}}